
{"id":286,"date":"2014-02-19T22:45:02","date_gmt":"2014-02-19T22:45:02","guid":{"rendered":"http:\/\/novosite.cmc.mg.gov.br\/?page_id=286"},"modified":"2015-06-16T16:04:56","modified_gmt":"2015-06-16T19:04:56","slug":"projetos-de-lei","status":"publish","type":"page","link":"http:\/\/www.cmc.mg.gov.br\/?page_id=286","title":{"rendered":"Projetos de Lei"},"content":{"rendered":"<p>Pesquise no sistema da C\u00e2mara os projetos de lei, projetos de resolu\u00e7\u00e3o, propostas de emenda \u00e0 Lei Org\u00e2nica, indica\u00e7\u00f5es, mo\u00e7\u00f5es e requerimentos, resolu\u00e7\u00f5es e pareceres. <a href=\"http:\/\/siteantigo.cmc.mg.gov.br\/CMC_Site\/sistema\/Home\">Clique aqui<\/a>.<\/p>\n","protected":false},"excerpt":{"rendered":"<p>Pesquise no sistema da C\u00e2mara os projetos de lei, projetos de resolu\u00e7\u00e3o, propostas de emenda \u00e0 Lei Org\u00e2nica, indica\u00e7\u00f5es, mo\u00e7\u00f5es e requerimentos, resolu\u00e7\u00f5es e pareceres. Clique aqui.<\/p>\n","protected":false},"author":3,"featured_media":0,"parent":0,"menu_order":0,"comment_status":"open","ping_status":"open","template":"","meta":{"_exactmetrics_skip_tracking":false,"_exactmetrics_sitenote_active":false,"_exactmetrics_sitenote_note":"","_exactmetrics_sitenote_category":0,"footnotes":""},"class_list":["post-286","page","type-page","status-publish","hentry"],"_links":{"self":[{"href":"http:\/\/www.cmc.mg.gov.br\/index.php?rest_route=\/wp\/v2\/pages\/286"}],"collection":[{"href":"http:\/\/www.cmc.mg.gov.br\/index.php?rest_route=\/wp\/v2\/pages"}],"about":[{"href":"http:\/\/www.cmc.mg.gov.br\/index.php?rest_route=\/wp\/v2\/types\/page"}],"author":[{"embeddable":true,"href":"http:\/\/www.cmc.mg.gov.br\/index.php?rest_route=\/wp\/v2\/users\/3"}],"replies":[{"embeddable":true,"href":"http:\/\/www.cmc.mg.gov.br\/index.php?rest_route=%2Fwp%2Fv2%2Fcomments&post=286"}],"version-history":[{"count":2,"href":"http:\/\/www.cmc.mg.gov.br\/index.php?rest_route=\/wp\/v2\/pages\/286\/revisions"}],"predecessor-version":[{"id":4031,"href":"http:\/\/www.cmc.mg.gov.br\/index.php?rest_route=\/wp\/v2\/pages\/286\/revisions\/4031"}],"wp:attachment":[{"href":"http:\/\/www.cmc.mg.gov.br\/index.php?rest_route=%2Fwp%2Fv2%2Fmedia&parent=286"}],"curies":[{"name":"wp","href":"https:\/\/api.w.org\/{rel}","templated":true}]}}