
{"id":324,"date":"2014-02-20T15:19:57","date_gmt":"2014-02-20T18:19:57","guid":{"rendered":"http:\/\/novosite.cmc.mg.gov.br\/?page_id=324"},"modified":"2024-07-11T15:28:56","modified_gmt":"2024-07-11T18:28:56","slug":"fale-conosco","status":"publish","type":"page","link":"http:\/\/www.cmc.mg.gov.br\/?page_id=324","title":{"rendered":"Fale conosco"},"content":{"rendered":"<p>Procure a C\u00e2mara Municipal pelo endre\u00e7o:<\/p>\n<p>Pra\u00e7a S\u00e3o Gon\u00e7alo, 18, Centro . Contagem-MG. CEP: 32.017-730 .<\/p>\n<p>Telefone Geral:(31) 3359-8700.<\/p>\n<p>Ou entre em contato com a nossa Ouvidoria <a href=\"http:\/\/ouvidoria.cmc.mg.gov.br:8080\/ouvidoria\/MainInternet.do\" target=\"_blank\" rel=\"noopener noreferrer\">clicando aqui.<\/a><\/p>\n<p>&nbsp;<\/p>\n","protected":false},"excerpt":{"rendered":"<p>Procure a C\u00e2mara Municipal pelo endre\u00e7o: Pra\u00e7a S\u00e3o Gon\u00e7alo, 18, Centro . Contagem-MG. CEP: 32.017-730 . Telefone Geral:(31) 3359-8700. Ou entre em contato com a nossa Ouvidoria clicando aqui. &nbsp;<\/p>\n","protected":false},"author":3,"featured_media":0,"parent":0,"menu_order":0,"comment_status":"closed","ping_status":"closed","template":"","meta":{"_exactmetrics_skip_tracking":false,"_exactmetrics_sitenote_active":false,"_exactmetrics_sitenote_note":"","_exactmetrics_sitenote_category":0,"footnotes":""},"class_list":["post-324","page","type-page","status-publish","hentry"],"_links":{"self":[{"href":"http:\/\/www.cmc.mg.gov.br\/index.php?rest_route=\/wp\/v2\/pages\/324"}],"collection":[{"href":"http:\/\/www.cmc.mg.gov.br\/index.php?rest_route=\/wp\/v2\/pages"}],"about":[{"href":"http:\/\/www.cmc.mg.gov.br\/index.php?rest_route=\/wp\/v2\/types\/page"}],"author":[{"embeddable":true,"href":"http:\/\/www.cmc.mg.gov.br\/index.php?rest_route=\/wp\/v2\/users\/3"}],"replies":[{"embeddable":true,"href":"http:\/\/www.cmc.mg.gov.br\/index.php?rest_route=%2Fwp%2Fv2%2Fcomments&post=324"}],"version-history":[{"count":5,"href":"http:\/\/www.cmc.mg.gov.br\/index.php?rest_route=\/wp\/v2\/pages\/324\/revisions"}],"predecessor-version":[{"id":25286,"href":"http:\/\/www.cmc.mg.gov.br\/index.php?rest_route=\/wp\/v2\/pages\/324\/revisions\/25286"}],"wp:attachment":[{"href":"http:\/\/www.cmc.mg.gov.br\/index.php?rest_route=%2Fwp%2Fv2%2Fmedia&parent=324"}],"curies":[{"name":"wp","href":"https:\/\/api.w.org\/{rel}","templated":true}]}}