
{"id":17159,"date":"2020-06-22T14:17:52","date_gmt":"2020-06-22T17:17:52","guid":{"rendered":"http:\/\/www.cmc.mg.gov.br\/?page_id=17159"},"modified":"2020-12-22T09:59:41","modified_gmt":"2020-12-22T11:59:41","slug":"boletim-diario-da-covid-19-em-contagem","status":"publish","type":"page","link":"https:\/\/www.cmc.mg.gov.br\/?page_id=17159","title":{"rendered":"Boletim Di\u00e1rio da Covid-19 em Contagem"},"content":{"rendered":"<p style=\"text-align: justify;\">Em entendimentos realizados entre a Comiss\u00e3o Especial de Acompanhamento de A\u00e7\u00f5es de Combate \u00e0 Covid-19 da C\u00e2mara Municipal de Contagem e o Comit\u00ea Intersetorial de Crise da Covid-19 da Prefeitura de Contagem, na reuni\u00e3o remota realizada no dia 19 de junho de 2020, ficou acertado que a Secretaria Municipal de Sa\u00fade disponibilizaria, diariamente, para este Legislativo, o informe epidemiol\u00f3gico com os n\u00fameros do novo coronav\u00edrus no munic\u00edpio. O objetivo \u00e9 informar a popula\u00e7\u00e3o com transpar\u00eancia sobre o combate \u00e0 pandemia e utilizar os dados para embasar o desenvolvimento de pol\u00edticas p\u00fablicas voltadas para o enfrentamento de suas consequ\u00eancias em todos os \u00e2mbitos.<\/p>\n<p>Edi\u00e7\u00f5es do Boletim<\/p>\n<ul>\n<li><a href=\"http:\/\/www.cmc.mg.gov.br\/wordpress\/wp-content\/uploads\/2020\/12\/Informe-Epidemiol\u00f3gico-271_2020.pdf\" target=\"_blank\" rel=\"noopener noreferrer\">Informe Epidemiol\u00f3gico 271_2020<\/a> &#8211; 20\/12\/2020.<\/li>\n<li><a href=\"http:\/\/www.cmc.mg.gov.br\/wordpress\/wp-content\/uploads\/2020\/12\/Informe-Epidemiol\u00f3gico-258_2020.pdf\" target=\"_blank\" rel=\"noopener noreferrer\">Informe Epidemiol\u00f3gico 258_2020<\/a> &#8211; 07\/12\/2020.<\/li>\n<li><a href=\"http:\/\/www.cmc.mg.gov.br\/wordpress\/wp-content\/uploads\/2020\/12\/Informe-Epidemiol\u00f3gico-254_2020.pdf\" target=\"_blank\" rel=\"noopener noreferrer\">Informe Epidemiol\u00f3gico 254_2020<\/a> &#8211; 03\/12\/2020.<\/li>\n<li><a href=\"http:\/\/www.cmc.mg.gov.br\/wordpress\/wp-content\/uploads\/2020\/12\/Informe-Epidemiol\u00f3gico-252_2020.pdf\" target=\"_blank\" rel=\"noopener noreferrer\">Informe Epidemiol\u00f3gico 252_2020<\/a> &#8211; 01\/12\/2020.<\/li>\n<li><a href=\"http:\/\/www.cmc.mg.gov.br\/wordpress\/wp-content\/uploads\/2020\/12\/Informe-Epidemiol\u00f3gico-251_2020.pdf\" target=\"_blank\" rel=\"noopener noreferrer\">Informe Epidemiol\u00f3gico 251_2020<\/a> &#8211; 30\/11\/2020.<\/li>\n<li><a href=\"http:\/\/www.cmc.mg.gov.br\/wordpress\/wp-content\/uploads\/2020\/11\/Informe-Epidemiol\u00f3gico-246_2020.pdf\" target=\"_blank\" rel=\"noopener noreferrer\">Informe Epidemiol\u00f3gico 246_2020<\/a> &#8211; 25\/11\/2020.<\/li>\n<li><a href=\"http:\/\/www.cmc.mg.gov.br\/wordpress\/wp-content\/uploads\/2020\/11\/Informe-Epidemiol\u00f3gico-238_2020.pdf\" target=\"_blank\" rel=\"noopener noreferrer\">Informe Epidemiol\u00f3gico 238_2020<\/a> &#8211; 17\/11\/2020.<\/li>\n<li><a href=\"http:\/\/www.cmc.mg.gov.br\/wordpress\/wp-content\/uploads\/2020\/11\/Informe-Epidemiol\u00f3gico-219_2020.pdf\" target=\"_blank\" rel=\"noopener noreferrer\">Informe Epidemiol\u00f3gico 219_2020<\/a> &#8211; 29\/10\/2020.<\/li>\n<li><a href=\"http:\/\/www.cmc.mg.gov.br\/wordpress\/wp-content\/uploads\/2020\/10\/Informe-Epidemiol\u00f3gico-217_2020.pdf\" target=\"_blank\" rel=\"noopener noreferrer\">Informe Epidemiol\u00f3gico 217_2020<\/a> &#8211; 27\/10\/2020.<\/li>\n<li><a href=\"http:\/\/www.cmc.mg.gov.br\/wordpress\/wp-content\/uploads\/2020\/10\/Informe-Epidemiol\u00f3gico-216_2020.pdf\" target=\"_blank\" rel=\"noopener noreferrer\">Informe Epidemiol\u00f3gico 216_2020<\/a> &#8211; 26\/10\/2020.<\/li>\n<li><a href=\"http:\/\/www.cmc.mg.gov.br\/wordpress\/wp-content\/uploads\/2020\/10\/Informe-Epidemiol\u00f3gico-215_2020.pdf\" target=\"_blank\" rel=\"noopener noreferrer\">Informe Epidemiol\u00f3gico 215_2020<\/a> &#8211; 25\/10\/2020.<\/li>\n<li><a href=\"http:\/\/www.cmc.mg.gov.br\/wordpress\/wp-content\/uploads\/2020\/10\/Informe-Epidemiol\u00f3gico-214_2020.pdf\" target=\"_blank\" rel=\"noopener noreferrer\">Informe Epidemiol\u00f3gico 214_2020<\/a> &#8211; 24\/10\/2020.<\/li>\n<li><a href=\"http:\/\/www.cmc.mg.gov.br\/wordpress\/wp-content\/uploads\/2020\/10\/Informe-Epidemiol\u00f3gico-212_2020.pdf\" target=\"_blank\" rel=\"noopener noreferrer\">Informe Epidemiol\u00f3gico 212_2020<\/a> &#8211; 22\/10\/2020.<\/li>\n<li><a href=\"http:\/\/www.cmc.mg.gov.br\/wordpress\/wp-content\/uploads\/2020\/10\/Informe-Epidemiol\u00f3gico-210_2020.pdf\" target=\"_blank\" rel=\"noopener noreferrer\">Informe Epidemiol\u00f3gico 210_2020<\/a> &#8211; 20\/10\/2020.<\/li>\n<li><a href=\"http:\/\/www.cmc.mg.gov.br\/wordpress\/wp-content\/uploads\/2020\/10\/Informe-Epidemiol\u00f3gico-209_2020.pdf\" target=\"_blank\" rel=\"noopener noreferrer\">Informe Epidemiol\u00f3gico 209_2020<\/a> &#8211; 19\/10\/2020.<\/li>\n<li><a href=\"http:\/\/www.cmc.mg.gov.br\/wordpress\/wp-content\/uploads\/2020\/10\/Informe-Epidemiol\u00f3gico-208_2020.pdf\" target=\"_blank\" rel=\"noopener noreferrer\">Informe Epidemiol\u00f3gico 208_2020<\/a> &#8211; 18\/10\/2020.<\/li>\n<li><a href=\"http:\/\/www.cmc.mg.gov.br\/wordpress\/wp-content\/uploads\/2020\/10\/Informe-Epidemiol\u00f3gico-206_2020.pdf\" target=\"_blank\" rel=\"noopener noreferrer\">Informe Epidemiol\u00f3gico 206_2020<\/a> &#8211; 16\/10\/2020.<\/li>\n<li><a href=\"http:\/\/www.cmc.mg.gov.br\/wordpress\/wp-content\/uploads\/2020\/10\/Informe-Epidemiol\u00f3gico-199_2020.pdf\" target=\"_blank\" rel=\"noopener noreferrer\">Informe Epidemiol\u00f3gico 199_2020<\/a> &#8211; 09\/10\/2020.<\/li>\n<li><a href=\"http:\/\/www.cmc.mg.gov.br\/wordpress\/wp-content\/uploads\/2020\/10\/Informe-Epidemiol\u00f3gico-198_2020.pdf\" target=\"_blank\" rel=\"noopener noreferrer\">Informe Epidemiol\u00f3gico 198_2020<\/a> &#8211; 08\/10\/2020.<\/li>\n<li><a href=\"http:\/\/www.cmc.mg.gov.br\/wordpress\/wp-content\/uploads\/2020\/10\/Informe-Epidemiol\u00f3gico-197_2020.pdf\" target=\"_blank\" rel=\"noopener noreferrer\">Informe Epidemiol\u00f3gico 197_2020<\/a> &#8211; 07\/10\/2020.<\/li>\n<li><a href=\"http:\/\/www.cmc.mg.gov.br\/wordpress\/wp-content\/uploads\/2020\/10\/Informe-Epidemiol\u00f3gico-196_2020.pdf\" target=\"_blank\" rel=\"noopener noreferrer\">Informe Epidemiol\u00f3gico 196_2020<\/a> &#8211; 06\/10\/2020.<\/li>\n<li><a href=\"http:\/\/www.cmc.mg.gov.br\/wordpress\/wp-content\/uploads\/2020\/10\/Informe-Epidemiol\u00f3gico-194_2020.pdf\" target=\"_blank\" rel=\"noopener noreferrer\">Informe Epidemiol\u00f3gico 194_2020<\/a> &#8211; 04\/10\/2020.<\/li>\n<li><a href=\"http:\/\/www.cmc.mg.gov.br\/wordpress\/wp-content\/uploads\/2020\/09\/Informe-Epidemiol\u00f3gico-184_2020.pdf\">Informe Epidemiol\u00f3gico 184_2020<\/a> &#8211; 24\/09\/2020.<\/li>\n<li><a href=\"http:\/\/www.cmc.mg.gov.br\/wordpress\/wp-content\/uploads\/2020\/09\/Informe-Epidemiol\u00f3gico-181_2020.pdf\" target=\"_blank\" rel=\"noopener noreferrer\">Informe Epidemiol\u00f3gico 181_2020<\/a> &#8211; 21\/09\/2020.<\/li>\n<li><a href=\"http:\/\/www.cmc.mg.gov.br\/wordpress\/wp-content\/uploads\/2020\/09\/Informe-Epidemiol\u00f3gico-178_2020.pdf\" target=\"_blank\" rel=\"noopener noreferrer\">Informe Epidemiol\u00f3gico 178_2020<\/a> &#8211; 18\/09\/2020.<\/li>\n<li><a href=\"http:\/\/www.cmc.mg.gov.br\/wordpress\/wp-content\/uploads\/2020\/09\/Informe-Epidemiol\u00f3gico-177_2020.pdf\" target=\"_blank\" rel=\"noopener noreferrer\">Informe Epidemiol\u00f3gico 177_2020<\/a> &#8211; 17\/09\/2020.<\/li>\n<li><a href=\"http:\/\/www.cmc.mg.gov.br\/wordpress\/wp-content\/uploads\/2020\/09\/Informe-Epidemiol\u00f3gico-174_2020.pdf\" target=\"_blank\" rel=\"noopener noreferrer\">Informe Epidemiol\u00f3gico 174_2020<\/a> &#8211; 14\/09\/2020.<\/li>\n<li><a href=\"http:\/\/www.cmc.mg.gov.br\/wordpress\/wp-content\/uploads\/2020\/09\/Informe-Epidemiol\u00f3gico-173_2020.pdf\">Informe Epidemiol\u00f3gico 173_2020<\/a> &#8211; 13\/09\/2020.<\/li>\n<li><a href=\"http:\/\/www.cmc.mg.gov.br\/wordpress\/wp-content\/uploads\/2020\/09\/Informe-Epidemiol\u00f3gico-172_2020.pdf\">Informe Epidemiol\u00f3gico 172_2020\u00a0 <\/a>-12\/09\/2020.<\/li>\n<li><a href=\"http:\/\/www.cmc.mg.gov.br\/wordpress\/wp-content\/uploads\/2020\/09\/Informe-Epidemiol\u00f3gico-171_2020.pdf\" target=\"_blank\" rel=\"noopener noreferrer\">Informe Epidemiol\u00f3gico 171_2020<\/a> &#8211; 11\/09\/2020.<\/li>\n<li><a href=\"http:\/\/www.cmc.mg.gov.br\/wordpress\/wp-content\/uploads\/2020\/09\/Informe-Epidemiol\u00f3gico-168_2020.pdf\" target=\"_blank\" rel=\"noopener noreferrer\">Informe Epidemiol\u00f3gico 168_2020<\/a> &#8211; 08\/09\/2020.<\/li>\n<li><a href=\"http:\/\/www.cmc.mg.gov.br\/wordpress\/wp-content\/uploads\/2020\/09\/Informe-Epidemiol\u00f3gico-167_2020.pdf\">Informe Epidemiol\u00f3gico 167_2020<\/a> &#8211; 07\/09\/2020.<\/li>\n<li><a href=\"http:\/\/www.cmc.mg.gov.br\/wordpress\/wp-content\/uploads\/2020\/09\/Informe-Epidemiol\u00f3gico-166_2020.pdf\" target=\"_blank\" rel=\"noopener noreferrer\">Informe Epidemiol\u00f3gico 166_2020 <\/a>&#8211; 06\/09\/2020.<\/li>\n<li><a href=\"http:\/\/www.cmc.mg.gov.br\/wordpress\/wp-content\/uploads\/2020\/09\/Informe-Epidemiol\u00f3gico-165_2020.pdf\" target=\"_blank\" rel=\"noopener noreferrer\">Informe Epidemiol\u00f3gico 165_2020\u00a0<\/a>&#8211; 05\/09\/2020.<\/li>\n<li><a href=\"http:\/\/www.cmc.mg.gov.br\/wordpress\/wp-content\/uploads\/2020\/09\/Informe-Epidemiol\u00f3gico-164_2020.pdf\">Informe Epidemiol\u00f3gico 164_2020<\/a> &#8211; 04\/09\/2020.<\/li>\n<li><a href=\"http:\/\/www.cmc.mg.gov.br\/wordpress\/wp-content\/uploads\/2020\/09\/Informe-Epidemiol\u00f3gico-163_2020.pdf\" target=\"_blank\" rel=\"noopener noreferrer\">Informe Epidemiol\u00f3gico 163_2020<\/a> &#8211; 03\/09\/2020.<\/li>\n<li><a href=\"http:\/\/www.cmc.mg.gov.br\/wordpress\/wp-content\/uploads\/2020\/09\/Informe-Epidemiol\u00f3gico-162_2020.pdf\" target=\"_blank\" rel=\"noopener noreferrer\">Informe Epidemiol\u00f3gico 162_2020<\/a> &#8211; 02\/09\/2020.<\/li>\n<li><a href=\"http:\/\/www.cmc.mg.gov.br\/wordpress\/wp-content\/uploads\/2020\/09\/Informe-Epidemiol\u00f3gico-161_2020.pdf\" target=\"_blank\" rel=\"noopener noreferrer\">Informe Epidemiol\u00f3gico 161_2020<\/a> &#8211; 01\/09\/2020.<\/li>\n<li><a href=\"http:\/\/www.cmc.mg.gov.br\/wordpress\/wp-content\/uploads\/2020\/09\/Informe-Epidemiol\u00f3gico-160_2020.pdf\" target=\"_blank\" rel=\"noopener noreferrer\">Informe Epidemiol\u00f3gico 160_2020<\/a> &#8211; 31\/08\/2020.<\/li>\n<li><a href=\"http:\/\/www.cmc.mg.gov.br\/wordpress\/wp-content\/uploads\/2020\/08\/Informe-Epidemiol\u00f3gico-158_2020.pdf\" target=\"_blank\" rel=\"noopener noreferrer\">Informe Epidemiol\u00f3gico 158_2020<\/a> &#8211; 29\/08\/2020.<\/li>\n<li><a href=\"http:\/\/www.cmc.mg.gov.br\/wordpress\/wp-content\/uploads\/2020\/08\/Informe-Epidemiol\u00f3gico-157_2020.pdf\" target=\"_blank\" rel=\"noopener noreferrer\">Informe Epidemiol\u00f3gico 157_2020<\/a> &#8211; 28\/08\/2020.<\/li>\n<li><a href=\"http:\/\/www.cmc.mg.gov.br\/wordpress\/wp-content\/uploads\/2020\/08\/Informe-Epidemiol\u00f3gico-156_2020.pdf\" target=\"_blank\" rel=\"noopener noreferrer\">Informe Epidemiol\u00f3gico 156_2020<\/a> &#8211; 27\/08\/2020.<\/li>\n<li><a href=\"http:\/\/www.cmc.mg.gov.br\/wordpress\/wp-content\/uploads\/2020\/08\/Informe-Epidemiol\u00f3gico-155_2020.pdf\" target=\"_blank\" rel=\"noopener noreferrer\">Informe Epidemiol\u00f3gico 155_2020<\/a> &#8211; 26\/08\/2020.<\/li>\n<li><a href=\"http:\/\/www.cmc.mg.gov.br\/wordpress\/wp-content\/uploads\/2020\/08\/Informe-Epidemiol\u00f3gico-154_2020.pdf\" target=\"_blank\" rel=\"noopener noreferrer\">Informe Epidemiol\u00f3gico 154_2020<\/a> &#8211; 25\/08\/2020.<\/li>\n<li><a href=\"http:\/\/www.cmc.mg.gov.br\/wordpress\/wp-content\/uploads\/2020\/08\/Informe-Epidemiol\u00f3gico-153_2020.pdf\" target=\"_blank\" rel=\"noopener noreferrer\">Informe Epidemiol\u00f3gico 153_2020<\/a> &#8211; 24\/08\/2020.<\/li>\n<li><a href=\"http:\/\/www.cmc.mg.gov.br\/wordpress\/wp-content\/uploads\/2020\/08\/Informe-Epidemiol\u00f3gico-152_2020.pdf\" target=\"_blank\" rel=\"noopener noreferrer\">Informe Epidemiol\u00f3gico 152_2020<\/a> &#8211; 23\/08\/2020.<\/li>\n<li><a href=\"http:\/\/www.cmc.mg.gov.br\/wordpress\/wp-content\/uploads\/2020\/08\/Informe-Epidemiol\u00f3gico-148_2020.pdf\" target=\"_blank\" rel=\"noopener noreferrer\">Informe Epidemiol\u00f3gico 148_2020<\/a> &#8211; 19\/08\/2020.<\/li>\n<li><a href=\"http:\/\/www.cmc.mg.gov.br\/wordpress\/wp-content\/uploads\/2020\/08\/Informe-Epidemiol\u00f3gico-147_2020-1.pdf\">Informe Epidemiol\u00f3gico 147_2020<\/a> &#8211; 18\/08\/2020.<\/li>\n<li><a href=\"http:\/\/www.cmc.mg.gov.br\/wordpress\/wp-content\/uploads\/2020\/08\/Informe-Epidemiol\u00f3gico-146_2020-2.pdf\" target=\"_blank\" rel=\"noopener noreferrer\">Informe Epidemiol\u00f3gico 146_2020<\/a> &#8211; 17\/08\/2020.<\/li>\n<li><a href=\"http:\/\/www.cmc.mg.gov.br\/wordpress\/wp-content\/uploads\/2020\/08\/Informe-Epidemiol\u00f3gico-145_2020FDS.pdf\" target=\"_blank\" rel=\"noopener noreferrer\">Informe Epidemiol\u00f3gico 145_2020 <\/a>&#8211; 16\/08\/2020.<\/li>\n<li><a href=\"http:\/\/www.cmc.mg.gov.br\/wordpress\/wp-content\/uploads\/2020\/08\/Informe-Epidemiol\u00f3gico-144_2020.pdf\">Informe Epidemiol\u00f3gico 144_2020<\/a> &#8211; 15\/08\/2020.<\/li>\n<li><a href=\"http:\/\/www.cmc.mg.gov.br\/wordpress\/wp-content\/uploads\/2020\/08\/Informe-Epidemiol\u00f3gico-143_2020.pdf\">Informe Epidemiol\u00f3gico 143_2020<\/a> &#8211; 14\/08\/2020.<\/li>\n<li><a href=\"http:\/\/www.cmc.mg.gov.br\/wordpress\/wp-content\/uploads\/2020\/08\/Informe-Epidemiol\u00f3gico-142_2020.pdf\" target=\"_blank\" rel=\"noopener noreferrer\">Informe Epidemiol\u00f3gico 142_2020<\/a> &#8211; 13\/08\/2020.<\/li>\n<li><a href=\"http:\/\/www.cmc.mg.gov.br\/wordpress\/wp-content\/uploads\/2020\/08\/Informe-Epidemiol\u00f3gico-141_2020.pdf\" target=\"_blank\" rel=\"noopener noreferrer\">Informe Epidemiol\u00f3gico 141_2020<\/a> &#8211; 12\/08\/2020.<\/li>\n<li><a href=\"http:\/\/www.cmc.mg.gov.br\/wordpress\/wp-content\/uploads\/2020\/08\/Informe-Epidemiol\u00f3gico-140_2020.pdf\" target=\"_blank\" rel=\"noopener noreferrer\">Informe Epidemiol\u00f3gico 140_2020<\/a> &#8211; 11\/08\/2020.<\/li>\n<li><a href=\"http:\/\/www.cmc.mg.gov.br\/wordpress\/wp-content\/uploads\/2020\/08\/Informe-Epidemiol\u00f3gico-139_2020.pdf\" target=\"_blank\" rel=\"noopener noreferrer\">Informe Epidemiol\u00f3gico 139_2020<\/a> &#8211; 10\/08\/2020.<\/li>\n<li><a href=\"http:\/\/www.cmc.mg.gov.br\/wordpress\/wp-content\/uploads\/2020\/08\/Informe-Epidemiol\u00f3gico-136_2020.pdf\" target=\"_blank\" rel=\"noopener noreferrer\">Informe Epidemiol\u00f3gico 136_2020<\/a> &#8211; 07\/08\/2020.<\/li>\n<li><a href=\"http:\/\/www.cmc.mg.gov.br\/wordpress\/wp-content\/uploads\/2020\/08\/Informe-Epidemiol\u00f3gico-135_2020.pdf\" target=\"_blank\" rel=\"noopener noreferrer\">Informe Epidemiol\u00f3gico 135_2020<\/a> &#8211; 06\/08\/2020.<\/li>\n<li><a href=\"http:\/\/www.cmc.mg.gov.br\/wordpress\/wp-content\/uploads\/2020\/08\/Informe-Epidemiol\u00f3gico-134_2020.pdf\" target=\"_blank\" rel=\"noopener noreferrer\">Informe Epidemiol\u00f3gico 134_2020<\/a> &#8211; 05\/08\/2020.<\/li>\n<li><a href=\"http:\/\/www.cmc.mg.gov.br\/wordpress\/wp-content\/uploads\/2020\/08\/Informe-Epidemiol\u00f3gico-132_2020.pdf\" target=\"_blank\" rel=\"noopener noreferrer\">Informe Epidemiol\u00f3gico 132_2020<\/a> &#8211; 03\/08\/2020.<\/li>\n<li><a href=\"http:\/\/www.cmc.mg.gov.br\/wordpress\/wp-content\/uploads\/2020\/08\/Informe-Epidemiol\u00f3gico-131_2020FDS.pdf\" target=\"_blank\" rel=\"noopener noreferrer\">Informe Epidemiol\u00f3gico 131_2020<\/a>\u00a0&#8211; 02\/08\/2020.<\/li>\n<li><a href=\"http:\/\/www.cmc.mg.gov.br\/wordpress\/wp-content\/uploads\/2020\/08\/Informe-Epidemiol\u00f3gico-130_2020FDS.pdf\" target=\"_blank\" rel=\"noopener noreferrer\">Informe Epidemiol\u00f3gico 130_2020<\/a>\u00a0&#8211; 01\/08\/2020.<\/li>\n<li><a href=\"http:\/\/www.cmc.mg.gov.br\/wordpress\/wp-content\/uploads\/2020\/07\/Informe-Epidemiol\u00f3gico-127_2020.pdf\" target=\"_blank\" rel=\"noopener noreferrer\">Informe Epidemiol\u00f3gico 127_2020<\/a> &#8211; 29\/07\/2020.<\/li>\n<li><a href=\"http:\/\/www.cmc.mg.gov.br\/wordpress\/wp-content\/uploads\/2020\/07\/Informe-Epidemiol\u00f3gico-126_2020.pdf\" target=\"_blank\" rel=\"noopener noreferrer\">Informe Epidemiol\u00f3gico 126_2020<\/a> &#8211; 28\/07\/2020.<\/li>\n<li><a href=\"http:\/\/www.cmc.mg.gov.br\/wordpress\/wp-content\/uploads\/2020\/07\/Informe-Epidemiol\u00f3gico-125_2020.pdf\" target=\"_blank\" rel=\"noopener noreferrer\">Informe Epidemiol\u00f3gico 125_2020<\/a> &#8211; 27\/07\/2020.<\/li>\n<li><a href=\"http:\/\/www.cmc.mg.gov.br\/wordpress\/wp-content\/uploads\/2020\/07\/Informe-Epidemiol\u00f3gico-124_2020FDS.pdf\" target=\"_blank\" rel=\"noopener noreferrer\">Informe Epidemiol\u00f3gico 124_2020<\/a> &#8211; 26\/07\/2020.<\/li>\n<li><a href=\"http:\/\/www.cmc.mg.gov.br\/wordpress\/wp-content\/uploads\/2020\/07\/Informe-Epidemiol\u00f3gico-123_2020FDS.pdf\" target=\"_blank\" rel=\"noopener noreferrer\">Informe Epidemiol\u00f3gico 123_2020<\/a> &#8211; 25\/07\/2020.<\/li>\n<li><a href=\"http:\/\/www.cmc.mg.gov.br\/wordpress\/wp-content\/uploads\/2020\/07\/Informe-Epidemiol\u00f3gico-122_2020.pdf\" target=\"_blank\" rel=\"noopener noreferrer\">Informe Epidemiol\u00f3gico 122_2020<\/a> &#8211; 24\/07\/2020.<\/li>\n<li><a href=\"http:\/\/www.cmc.mg.gov.br\/wordpress\/wp-content\/uploads\/2020\/07\/Informe-Epidemiol\u00f3gico-121_2020.pdf\" target=\"_blank\" rel=\"noopener noreferrer\">Informe Epidemiol\u00f3gico 121_2020<\/a> &#8211; 23\/07\/2020.<\/li>\n<li><a href=\"http:\/\/www.cmc.mg.gov.br\/wordpress\/wp-content\/uploads\/2020\/07\/Informe-Epidemiol\u00f3gico-120_2020.pdf\" target=\"_blank\" rel=\"noopener noreferrer\">Informe Epidemiol\u00f3gico 120_2020<\/a> &#8211; 22\/07\/2020.<\/li>\n<li><a href=\"http:\/\/www.cmc.mg.gov.br\/wordpress\/wp-content\/uploads\/2020\/07\/Informe-Epidemiol\u00f3gico-119_2020.pdf\" target=\"_blank\" rel=\"noopener noreferrer\">Informe Epidemiol\u00f3gico 119_2020<\/a> &#8211; 21\/07\/2020.<\/li>\n<li><a href=\"http:\/\/www.cmc.mg.gov.br\/wordpress\/wp-content\/uploads\/2020\/07\/Informe-Epidemiol\u00f3gico-118_2020.pdf\" target=\"_blank\" rel=\"noopener noreferrer\">Informe Epidemiol\u00f3gico 118_2020<\/a> &#8211; 20\/07\/2020.<\/li>\n<li><a href=\"http:\/\/www.cmc.mg.gov.br\/wordpress\/wp-content\/uploads\/2020\/07\/Informe-Epidemiol\u00f3gico-115_2020.pdf\" target=\"_blank\" rel=\"noopener noreferrer\">Informe Epidemiol\u00f3gico 115_2020<\/a> &#8211; 17\/07\/2020.<\/li>\n<li><a href=\"http:\/\/www.cmc.mg.gov.br\/wordpress\/wp-content\/uploads\/2020\/07\/Informe-Epidemiol\u00f3gico-114_2020.pdf\" target=\"_blank\" rel=\"noopener noreferrer\">Informe Epidemiol\u00f3gico 114_2020<\/a> &#8211; 16\/07\/2020.<\/li>\n<li><a href=\"http:\/\/www.cmc.mg.gov.br\/wordpress\/wp-content\/uploads\/2020\/07\/Microsoft-Word-Informe-Epidemiol\u00f3gico-113_2020.pdf\" target=\"_blank\" rel=\"noopener noreferrer\">\u00a0Informe Epidemiol\u00f3gico 113_2020<\/a> -15\/07\/2020.<\/li>\n<li><a href=\"http:\/\/www.cmc.mg.gov.br\/wordpress\/wp-content\/uploads\/2020\/07\/Informe-Epidemiol\u00f3gico-112_2020.pdf\" target=\"_blank\" rel=\"noopener noreferrer\">Informe Epidemiol\u00f3gico 112_2020<\/a> &#8211; 14\/07\/2020.<\/li>\n<li><a href=\"http:\/\/www.cmc.mg.gov.br\/wordpress\/wp-content\/uploads\/2020\/07\/Informe-Epidemiol\u00f3gico-111_2020.pdf\" target=\"_blank\" rel=\"noopener noreferrer\">Informe Epidemiol\u00f3gico 111_2020<\/a> &#8211; 13\/07\/2020.<\/li>\n<li><a href=\"http:\/\/www.cmc.mg.gov.br\/wordpress\/wp-content\/uploads\/2020\/07\/Informe-Epidemiol\u00f3gico-110_2020.pdf\" target=\"_blank\" rel=\"noopener noreferrer\">Informe Epidemiol\u00f3gico 110_2020<\/a> &#8211; 12\/07\/2020.<\/li>\n<li><a href=\"http:\/\/www.cmc.mg.gov.br\/wordpress\/wp-content\/uploads\/2020\/07\/Informe-Epidemiol\u00f3gico-109_2020.pdf\" target=\"_blank\" rel=\"noopener noreferrer\">Informe Epidemiol\u00f3gico 109_2020<\/a> &#8211; 11\/07\/2020.<\/li>\n<li><a href=\"http:\/\/www.cmc.mg.gov.br\/wordpress\/wp-content\/uploads\/2020\/07\/Informe-Epidemiol\u00f3gico-108_2020.pdf\" target=\"_blank\" rel=\"noopener noreferrer\">Informe Epidemiol\u00f3gico 108_2020<\/a> &#8211; 10\/07\/2020.<\/li>\n<li><a href=\"http:\/\/www.cmc.mg.gov.br\/wordpress\/wp-content\/uploads\/2020\/07\/Microsoft-Word-Informe-Epidemiol\u00f3gico-107_2020.pdf\" target=\"_blank\" rel=\"noopener noreferrer\">\u00a0Informe Epidemiol\u00f3gico 107_2020 &#8211; <\/a>09\/07\/2020.<\/li>\n<li><a href=\"http:\/\/www.cmc.mg.gov.br\/wordpress\/wp-content\/uploads\/2020\/07\/Informe-Epidemiol\u00f3gico-106_2020.pdf\" target=\"_blank\" rel=\"noopener noreferrer\">Informe Epidemiol\u00f3gico 106_2020<\/a> &#8211; 08\/07\/2020.<\/li>\n<li><a href=\"http:\/\/www.cmc.mg.gov.br\/wordpress\/wp-content\/uploads\/2020\/07\/Informe-Epidemiol\u00f3gico-105_2020.pdf\" target=\"_blank\" rel=\"noopener noreferrer\">Informe Epidemiol\u00f3gico 105_2020<\/a> &#8211; 07\/07\/2020.<\/li>\n<li><a href=\"http:\/\/www.cmc.mg.gov.br\/wordpress\/wp-content\/uploads\/2020\/07\/Informe-Epidemiol\u00f3gico-104_2020.pdf\" target=\"_blank\" rel=\"noopener noreferrer\">Informe Epidemiol\u00f3gico 104_2020<\/a> &#8211; 06\/07\/2020.<\/li>\n<li><a href=\"http:\/\/www.cmc.mg.gov.br\/wordpress\/wp-content\/uploads\/2020\/07\/Informe-Epidemiol\u00f3gico-102_2020.pdf\" target=\"_blank\" rel=\"noopener noreferrer\">Informe Epidemiol\u00f3gico 102_2020<\/a> &#8211; 04\/07\/2020.<\/li>\n<li><a href=\"http:\/\/www.cmc.mg.gov.br\/wordpress\/wp-content\/uploads\/2020\/07\/Informe-Epidemiol\u00f3gico-101_2020.pdf\">Informe Epidemiol\u00f3gico 101_2020<\/a> &#8211; 03\/07\/2020.<\/li>\n<li><a href=\"http:\/\/www.cmc.mg.gov.br\/wordpress\/wp-content\/uploads\/2020\/07\/Informe-Epidemiol\u00f3gico-100_2020.pdf\" target=\"_blank\" rel=\"noopener noreferrer\">Informe Epidemiol\u00f3gico 100_2020<\/a> &#8211; 02\/07\/2020.<\/li>\n<li><a href=\"http:\/\/www.cmc.mg.gov.br\/wordpress\/wp-content\/uploads\/2020\/07\/Informe-Epidemiol\u00f3gico-99_2020.pdf\" target=\"_blank\" rel=\"noopener noreferrer\">Informe Epidemiol\u00f3gico 99_2020<\/a> &#8211; 01\/07\/2020.<\/li>\n<li><a href=\"http:\/\/www.cmc.mg.gov.br\/wordpress\/wp-content\/uploads\/2020\/07\/Informe-Epidemiol\u00f3gico-98_2020.pdf\" target=\"_blank\" rel=\"noopener noreferrer\">Informe Epidemiol\u00f3gico 98_2020<\/a> &#8211; 30\/06\/2020.<\/li>\n<li><a href=\"http:\/\/www.cmc.mg.gov.br\/wordpress\/wp-content\/uploads\/2020\/06\/Informe-Epidemiol\u00f3gico-97_2020.pdf\" target=\"_blank\" rel=\"noopener noreferrer\">Informe Epidemiol\u00f3gico 97_2020<\/a> &#8211; 29\/06\/2020.<\/li>\n<li><a href=\"http:\/\/www.cmc.mg.gov.br\/wordpress\/wp-content\/uploads\/2020\/06\/Informe-Epidemiol\u00f3gico-94_2020.pdf\" target=\"_blank\" rel=\"noopener noreferrer\">Informe Epidemiol\u00f3gico 94_2020\u00a0<\/a> &#8211; 26\/06\/2020.<\/li>\n<li><a href=\"http:\/\/www.cmc.mg.gov.br\/wordpress\/wp-content\/uploads\/2020\/06\/Informe-Epidemiol\u00f3gico-93_2020.pdf\" target=\"_blank\" rel=\"noopener noreferrer\">Informe Epidemiol\u00f3gico 93_2020<\/a> &#8211; 25\/06\/2020.<\/li>\n<li><a href=\"http:\/\/www.cmc.mg.gov.br\/wordpress\/wp-content\/uploads\/2020\/06\/Informe-Epidemiol\u00f3gico-92_2020.pdf\" target=\"_blank\" rel=\"noopener noreferrer\">Informe Epidemiol\u00f3gico 92_2020<\/a> &#8211; 24\/06\/2020.<\/li>\n<li><a href=\"http:\/\/www.cmc.mg.gov.br\/wordpress\/wp-content\/uploads\/2020\/06\/Informe-Epidemiol\u00f3gico-91_2020.pdf\" target=\"_blank\" rel=\"noopener noreferrer\">Informe Epidemiol\u00f3gico 91_2020<\/a> &#8211; 23\/06\/2020.<\/li>\n<li><a href=\"http:\/\/www.cmc.mg.gov.br\/wordpress\/wp-content\/uploads\/2020\/06\/Informe-Epidemiol\u00f3gico-90_2020.pdf\" target=\"_blank\" rel=\"noopener noreferrer\">Informe Epidemiol\u00f3gico 90_2020<\/a> &#8211; 22\/06\/2020.<\/li>\n<li><a href=\"http:\/\/www.cmc.mg.gov.br\/wordpress\/wp-content\/uploads\/2020\/06\/Informe-Epidemiol\u00f3gico-89_2020.pdf\" target=\"_blank\" rel=\"noopener noreferrer\">Informe Epidemiol\u00f3gico 89_2020<\/a> &#8211; 21\/06\/2020.<\/li>\n<li><a href=\"http:\/\/www.cmc.mg.gov.br\/wordpress\/wp-content\/uploads\/2020\/06\/Informe-Epidemiol\u00f3gico-87_2020.pdf\" target=\"_blank\" rel=\"noopener noreferrer\">Informe Epidemiol\u00f3gico 87_2020<\/a> &#8211; 19\/06\/2020.<\/li>\n<\/ul>\n","protected":false},"excerpt":{"rendered":"<p>Em entendimentos realizados entre a Comiss\u00e3o Especial de Acompanhamento de A\u00e7\u00f5es de Combate \u00e0 Covid-19 da C\u00e2mara Municipal de Contagem e o Comit\u00ea Intersetorial de Crise da Covid-19 da Prefeitura de Contagem, na reuni\u00e3o remota realizada no dia 19 de junho de 2020, ficou acertado que a Secretaria Municipal de Sa\u00fade disponibilizaria, diariamente, para este &hellip; <a href=\"https:\/\/www.cmc.mg.gov.br\/?page_id=17159\" class=\"more-link\">Continue lendo <span class=\"screen-reader-text\">Boletim Di\u00e1rio da Covid-19 em Contagem<\/span> <span class=\"meta-nav\">&rarr;<\/span><\/a><\/p>\n","protected":false},"author":3,"featured_media":0,"parent":0,"menu_order":0,"comment_status":"closed","ping_status":"closed","template":"","meta":{"_exactmetrics_skip_tracking":false,"_exactmetrics_sitenote_active":false,"_exactmetrics_sitenote_note":"","_exactmetrics_sitenote_category":0,"footnotes":""},"class_list":["post-17159","page","type-page","status-publish","hentry"],"_links":{"self":[{"href":"https:\/\/www.cmc.mg.gov.br\/index.php?rest_route=\/wp\/v2\/pages\/17159","targetHints":{"allow":["GET"]}}],"collection":[{"href":"https:\/\/www.cmc.mg.gov.br\/index.php?rest_route=\/wp\/v2\/pages"}],"about":[{"href":"https:\/\/www.cmc.mg.gov.br\/index.php?rest_route=\/wp\/v2\/types\/page"}],"author":[{"embeddable":true,"href":"https:\/\/www.cmc.mg.gov.br\/index.php?rest_route=\/wp\/v2\/users\/3"}],"replies":[{"embeddable":true,"href":"https:\/\/www.cmc.mg.gov.br\/index.php?rest_route=%2Fwp%2Fv2%2Fcomments&post=17159"}],"version-history":[{"count":89,"href":"https:\/\/www.cmc.mg.gov.br\/index.php?rest_route=\/wp\/v2\/pages\/17159\/revisions"}],"predecessor-version":[{"id":17996,"href":"https:\/\/www.cmc.mg.gov.br\/index.php?rest_route=\/wp\/v2\/pages\/17159\/revisions\/17996"}],"wp:attachment":[{"href":"https:\/\/www.cmc.mg.gov.br\/index.php?rest_route=%2Fwp%2Fv2%2Fmedia&parent=17159"}],"curies":[{"name":"wp","href":"https:\/\/api.w.org\/{rel}","templated":true}]}}