
{"id":2924,"date":"2015-01-27T16:23:11","date_gmt":"2015-01-27T19:23:11","guid":{"rendered":"http:\/\/www.cmc.mg.gov.br\/?page_id=2924"},"modified":"2015-01-27T16:23:11","modified_gmt":"2015-01-27T19:23:11","slug":"legislatura-1953-a-1954","status":"publish","type":"page","link":"https:\/\/www.cmc.mg.gov.br\/?page_id=2924","title":{"rendered":"Legislatura 1953 a 1954"},"content":{"rendered":"<h4><strong>2\u00aa C\u00c2MARA MUNICIPAL: 1953 a 1954<\/strong><\/h4>\n<h5>Mesa Diretora de 1953<\/h5>\n<p>Eleitos:<\/p>\n<ul>\n<li>Presidente: Ver. Raimundo Macedo<\/li>\n<li>Vice-Presidente: Ver.\u00a0\u00a0Jos\u00e9 Ferreira Aguiar<\/li>\n<li>Secret\u00e1rio: Ver. Armando Ribeiro Marques<\/li>\n<\/ul>\n<h5>Mesa Diretora de 1954<\/h5>\n<p>Eleitos:<\/p>\n<ul>\n<li>Presidente: Ver. Armando Ribeiro Marques<\/li>\n<li>Vice-Presidente: Ver. Francisco Firmo de Mattos Filho<\/li>\n<li>Secret\u00e1rio: Ver. Geraldo Magela Rocha<\/li>\n<\/ul>\n<p>Vereadores Gerais:<\/p>\n<ul>\n<li>Augusto Braz Pereira<\/li>\n<li>Jos\u00e9 Cust\u00f3dio Oliveira<\/li>\n<li>Ariovaldo Diniz<\/li>\n<li>Francisco Firmo de Mattos<\/li>\n<li>Raimundo de Macedo<\/li>\n<li>Jadir Ferreira de Aguiar<\/li>\n<li>Armando Ribeiro Marques.<\/li>\n<\/ul>\n","protected":false},"excerpt":{"rendered":"<p>2\u00aa C\u00c2MARA MUNICIPAL: 1953 a 1954 Mesa Diretora de 1953 Eleitos: Presidente: Ver. Raimundo Macedo Vice-Presidente: Ver.\u00a0\u00a0Jos\u00e9 Ferreira Aguiar Secret\u00e1rio: Ver. Armando Ribeiro Marques Mesa Diretora de 1954 Eleitos: Presidente: Ver. Armando Ribeiro Marques Vice-Presidente: Ver. Francisco Firmo de Mattos Filho Secret\u00e1rio: Ver. Geraldo Magela Rocha Vereadores Gerais: Augusto Braz Pereira Jos\u00e9 Cust\u00f3dio Oliveira Ariovaldo &hellip; <a href=\"https:\/\/www.cmc.mg.gov.br\/?page_id=2924\" class=\"more-link\">Continue lendo <span class=\"screen-reader-text\">Legislatura 1953 a 1954<\/span> <span class=\"meta-nav\">&rarr;<\/span><\/a><\/p>\n","protected":false},"author":1,"featured_media":0,"parent":0,"menu_order":0,"comment_status":"open","ping_status":"open","template":"","meta":{"_exactmetrics_skip_tracking":false,"_exactmetrics_sitenote_active":false,"_exactmetrics_sitenote_note":"","_exactmetrics_sitenote_category":0,"footnotes":""},"class_list":["post-2924","page","type-page","status-publish","hentry"],"_links":{"self":[{"href":"https:\/\/www.cmc.mg.gov.br\/index.php?rest_route=\/wp\/v2\/pages\/2924","targetHints":{"allow":["GET"]}}],"collection":[{"href":"https:\/\/www.cmc.mg.gov.br\/index.php?rest_route=\/wp\/v2\/pages"}],"about":[{"href":"https:\/\/www.cmc.mg.gov.br\/index.php?rest_route=\/wp\/v2\/types\/page"}],"author":[{"embeddable":true,"href":"https:\/\/www.cmc.mg.gov.br\/index.php?rest_route=\/wp\/v2\/users\/1"}],"replies":[{"embeddable":true,"href":"https:\/\/www.cmc.mg.gov.br\/index.php?rest_route=%2Fwp%2Fv2%2Fcomments&post=2924"}],"version-history":[{"count":1,"href":"https:\/\/www.cmc.mg.gov.br\/index.php?rest_route=\/wp\/v2\/pages\/2924\/revisions"}],"predecessor-version":[{"id":2925,"href":"https:\/\/www.cmc.mg.gov.br\/index.php?rest_route=\/wp\/v2\/pages\/2924\/revisions\/2925"}],"wp:attachment":[{"href":"https:\/\/www.cmc.mg.gov.br\/index.php?rest_route=%2Fwp%2Fv2%2Fmedia&parent=2924"}],"curies":[{"name":"wp","href":"https:\/\/api.w.org\/{rel}","templated":true}]}}