
{"id":9716,"date":"2017-11-24T17:08:37","date_gmt":"2017-11-24T19:08:37","guid":{"rendered":"http:\/\/www.cmc.mg.gov.br\/?page_id=9716"},"modified":"2017-12-04T17:19:52","modified_gmt":"2017-12-04T19:19:52","slug":"plano-diretor-contagem-2017","status":"publish","type":"page","link":"https:\/\/www.cmc.mg.gov.br\/?page_id=9716","title":{"rendered":"Plano Diretor Contagem 2017"},"content":{"rendered":"<p><a href=\"http:\/\/www.cmc.mg.gov.br\/wordpress\/wp-content\/uploads\/2017\/11\/1-Minuta-Plano-Diretor.pdf\">1 &#8211;\u00a0PROJETO DE LEI PLANO DIRETOR<\/a><\/p>\n<p><a href=\"http:\/\/www.cmc.mg.gov.br\/wordpress\/wp-content\/uploads\/2017\/11\/2-Justificativa-Plano-Diretor.pdf\">2 &#8211; MENSAGEM PLANO DIRETOR<\/a><\/p>\n<p>3 &#8211;\u00a0ANEXOS E MAPAS<\/p>\n<p><a href=\"http:\/\/www.cmc.mg.gov.br\/wordpress\/wp-content\/uploads\/2017\/11\/mapa-1-1.jpg\">3.1 &#8211; Anexo 1<\/a><\/p>\n<p><a href=\"http:\/\/www.cmc.mg.gov.br\/wordpress\/wp-content\/uploads\/2017\/11\/Anexo-2-Revisadopdf-1.pdf\">3.2 &#8211; Anexo 2<\/a><\/p>\n<p><a href=\"http:\/\/www.cmc.mg.gov.br\/wordpress\/wp-content\/uploads\/2017\/11\/mapa-2.jpg\">3.3 &#8211; Anexo 3<\/a><\/p>\n<p><a href=\"http:\/\/www.cmc.mg.gov.br\/wordpress\/wp-content\/uploads\/2017\/11\/mapa3.jpg\">3.4 &#8211; Anexo 4<\/a><\/p>\n<p><a href=\"http:\/\/www.cmc.mg.gov.br\/wordpress\/wp-content\/uploads\/2017\/11\/mapa4.jpg\">3.5 &#8211; Anexo\u00a05<\/a><\/p>\n<p><a href=\"http:\/\/www.cmc.mg.gov.br\/wordpress\/wp-content\/uploads\/2017\/11\/mapa-5.jpg\">3.6 &#8211; Anexo\u00a06<\/a><\/p>\n<p><a href=\"http:\/\/www.cmc.mg.gov.br\/wordpress\/wp-content\/uploads\/2017\/11\/mapa6.jpg\">3.7 &#8211; Anexo\u00a07<\/a><\/p>\n<p><a href=\"http:\/\/www.cmc.mg.gov.br\/wordpress\/wp-content\/uploads\/2017\/11\/mapa-7.jpg\">3.8 &#8211; Anexo\u00a08<\/a><\/p>\n<p><a href=\"http:\/\/www.cmc.mg.gov.br\/wordpress\/wp-content\/uploads\/2017\/11\/mapa-8.jpg\">3.9 &#8211; Anexo\u00a09<\/a><\/p>\n<p><a href=\"http:\/\/www.cmc.mg.gov.br\/wordpress\/wp-content\/uploads\/2017\/11\/mapa-9.jpg\">3.10 &#8211; Anexo\u00a010<\/a><\/p>\n<p><a href=\"http:\/\/www.cmc.mg.gov.br\/wordpress\/wp-content\/uploads\/2017\/11\/mapa-10.jpg\">3.11 &#8211; Anexo\u00a011<\/a><\/p>\n<p><a href=\"http:\/\/www.cmc.mg.gov.br\/wordpress\/wp-content\/uploads\/2017\/11\/mapa-11.jpg\">3.12 &#8211; Anexo\u00a012<\/a><\/p>\n<p><a href=\"http:\/\/www.cmc.mg.gov.br\/wordpress\/wp-content\/uploads\/2017\/11\/mapa-12.jpg\">3.13 &#8211; Anexo\u00a013<\/a><\/p>\n<p><a href=\"http:\/\/www.cmc.mg.gov.br\/wordpress\/wp-content\/uploads\/2017\/11\/mapa-13.jpg\">3.14 &#8211; Anexo\u00a014<\/a><\/p>\n<p><a href=\"http:\/\/www.cmc.mg.gov.br\/wordpress\/wp-content\/uploads\/2017\/11\/PORTARIA-N\u00ba-020.2017.pdf\">4 &#8211; PORTARIA N\u00ba 020.2017 &#8211; COMISS\u00c3O ESPECIAL DO PLANO DIRETOR<\/a><\/p>\n<p><a href=\"http:\/\/www.cmc.mg.gov.br\/wordpress\/wp-content\/uploads\/2017\/11\/5-EDITAL-DE-AUDIENCIA-PUBLICA-PLANO-DIRETOR.pdf\">5 &#8211; EDITAL DE AUDI\u00caNCIA P\u00daBLICA &#8211; PLANO DIRETOR<\/a><\/p>\n<p><a href=\"http:\/\/www.cmc.mg.gov.br\/wordpress\/wp-content\/uploads\/2017\/11\/ERRATA.pdf\">5.1 &#8211; <strong>ERRATA<\/strong>\u00a0&#8211; EDITAL DE AUDI\u00caNCIA P\u00daBLICA &#8211; PLANO DIRETOR<\/a><\/p>\n<p><a href=\"http:\/\/www.cmc.mg.gov.br\/wordpress\/wp-content\/uploads\/2017\/11\/6-ATA-DE-REUNIAO-COMISSAO-ESPECIAL-PLANO-DIRETOR.pdf\">6 &#8211; ATA DE REUNI\u00c3O &#8211; COMISS\u00c3O ESPECIAL PLANO DIRETOR<\/a><\/p>\n<p><a href=\"http:\/\/www.cmc.mg.gov.br\/wordpress\/wp-content\/uploads\/2017\/12\/OFICIO-INDICACAO-DE-MEMBRO-DO-EXECUTIVO-PARA-AS-AUDIENCIAS-PUBLICAS.pdf\">7 &#8211;\u00a0OF\u00cdCIO INDICA\u00c7\u00c3O DE MEMBRO DO EXECUTIVO PARA AS AUDI\u00caNCIAS P\u00daBLICAS<\/a><\/p>\n<p>&nbsp;<\/p>\n<p>D\u00favidas e\/ou sugest\u00f5es: <a href=\"mailto:comissao.planodiretor@cmc.mg.gov.br\">comissao.planodiretor@cmc.mg.gov.br<\/a><\/p>\n","protected":false},"excerpt":{"rendered":"<p>1 &#8211;\u00a0PROJETO DE LEI PLANO DIRETOR 2 &#8211; MENSAGEM PLANO DIRETOR 3 &#8211;\u00a0ANEXOS E MAPAS 3.1 &#8211; Anexo 1 3.2 &#8211; Anexo 2 3.3 &#8211; Anexo 3 3.4 &#8211; Anexo 4 3.5 &#8211; Anexo\u00a05 3.6 &#8211; Anexo\u00a06 3.7 &#8211; Anexo\u00a07 3.8 &#8211; Anexo\u00a08 3.9 &#8211; Anexo\u00a09 3.10 &#8211; Anexo\u00a010 3.11 &#8211; Anexo\u00a011 3.12 &#8211; Anexo\u00a012 &hellip; <a href=\"https:\/\/www.cmc.mg.gov.br\/?page_id=9716\" class=\"more-link\">Continue lendo <span class=\"screen-reader-text\">Plano Diretor Contagem 2017<\/span> <span class=\"meta-nav\">&rarr;<\/span><\/a><\/p>\n","protected":false},"author":1,"featured_media":0,"parent":0,"menu_order":0,"comment_status":"closed","ping_status":"closed","template":"","meta":{"_exactmetrics_skip_tracking":false,"_exactmetrics_sitenote_active":false,"_exactmetrics_sitenote_note":"","_exactmetrics_sitenote_category":0,"footnotes":""},"class_list":["post-9716","page","type-page","status-publish","hentry"],"_links":{"self":[{"href":"https:\/\/www.cmc.mg.gov.br\/index.php?rest_route=\/wp\/v2\/pages\/9716","targetHints":{"allow":["GET"]}}],"collection":[{"href":"https:\/\/www.cmc.mg.gov.br\/index.php?rest_route=\/wp\/v2\/pages"}],"about":[{"href":"https:\/\/www.cmc.mg.gov.br\/index.php?rest_route=\/wp\/v2\/types\/page"}],"author":[{"embeddable":true,"href":"https:\/\/www.cmc.mg.gov.br\/index.php?rest_route=\/wp\/v2\/users\/1"}],"replies":[{"embeddable":true,"href":"https:\/\/www.cmc.mg.gov.br\/index.php?rest_route=%2Fwp%2Fv2%2Fcomments&post=9716"}],"version-history":[{"count":17,"href":"https:\/\/www.cmc.mg.gov.br\/index.php?rest_route=\/wp\/v2\/pages\/9716\/revisions"}],"predecessor-version":[{"id":9870,"href":"https:\/\/www.cmc.mg.gov.br\/index.php?rest_route=\/wp\/v2\/pages\/9716\/revisions\/9870"}],"wp:attachment":[{"href":"https:\/\/www.cmc.mg.gov.br\/index.php?rest_route=%2Fwp%2Fv2%2Fmedia&parent=9716"}],"curies":[{"name":"wp","href":"https:\/\/api.w.org\/{rel}","templated":true}]}}